{"id":10411,"date":"2019-08-26T02:46:54","date_gmt":"2019-08-25T23:46:54","guid":{"rendered":"https:\/\/mars-ngo.org\/contact-us\/"},"modified":"2026-01-20T10:55:39","modified_gmt":"2026-01-20T07:55:39","slug":"contact-us","status":"publish","type":"page","link":"https:\/\/mars-ngo.org\/ar\/contact-us\/","title":{"rendered":"\u062a\u0648\u0627\u0635\u0644 \u0645\u0639\u0646\u0627"},"content":{"rendered":"\t\t<div data-elementor-type=\"wp-post\" data-elementor-id=\"10411\" class=\"elementor elementor-10411\" data-elementor-post-type=\"page\">\n\t\t\t\t\t\t<section class=\"elementor-section elementor-top-section elementor-element elementor-element-0dc9b44 elementor-reverse-tablet elementor-reverse-mobile elementor-section-boxed elementor-section-height-default elementor-section-height-default\" data-id=\"0dc9b44\" data-element_type=\"section\" data-e-type=\"section\">\n\t\t\t\t\t\t<div class=\"elementor-container elementor-column-gap-no\">\n\t\t\t\t\t<div class=\"elementor-column elementor-col-50 elementor-top-column elementor-element elementor-element-2e1e1b9\" data-id=\"2e1e1b9\" data-element_type=\"column\" data-e-type=\"column\">\n\t\t\t<div class=\"elementor-widget-wrap elementor-element-populated\">\n\t\t\t\t\t\t<div class=\"elementor-element elementor-element-b3e5e31 elementor-widget elementor-widget-image\" data-id=\"b3e5e31\" data-element_type=\"widget\" data-e-type=\"widget\" data-widget_type=\"image.default\">\n\t\t\t\t<div class=\"elementor-widget-container\">\n\t\t\t\t\t\t\t\t\t\t\t\t\t\t\t<img fetchpriority=\"high\" decoding=\"async\" width=\"700\" height=\"851\" src=\"https:\/\/mars-ngo.org\/wp-content\/uploads\/2024\/02\/contact-us-2.png\" class=\"attachment-full size-full wp-image-10687\" alt=\"\" srcset=\"https:\/\/mars-ngo.org\/wp-content\/uploads\/2024\/02\/contact-us-2.png 700w, https:\/\/mars-ngo.org\/wp-content\/uploads\/2024\/02\/contact-us-2-247x300.png 247w, https:\/\/mars-ngo.org\/wp-content\/uploads\/2024\/02\/contact-us-2-400x486.png 400w\" sizes=\"(max-width: 700px) 100vw, 700px\" \/>\t\t\t\t\t\t\t\t\t\t\t\t\t\t\t<\/div>\n\t\t\t\t<\/div>\n\t\t\t\t\t<\/div>\n\t\t<\/div>\n\t\t\t\t<div class=\"elementor-column elementor-col-50 elementor-top-column elementor-element elementor-element-eb89580\" data-id=\"eb89580\" data-element_type=\"column\" data-e-type=\"column\">\n\t\t\t<div class=\"elementor-widget-wrap elementor-element-populated\">\n\t\t\t\t\t\t<div class=\"elementor-element elementor-element-8d86127 elementor-align-right elementor-widget elementor-widget-heading\" data-id=\"8d86127\" data-element_type=\"widget\" data-e-type=\"widget\" data-widget_type=\"heading.default\">\n\t\t\t\t<div class=\"elementor-widget-container\">\n\t\t\t\t\t<h2 class=\"elementor-heading-title elementor-size-default\">\u0627\u0628\u0642 \u0639\u0644\u0649 \u062a\u0648\u0627\u0635\u0644<\/h2>\t\t\t\t<\/div>\n\t\t\t\t<\/div>\n\t\t\t\t<div class=\"elementor-element elementor-element-04133ab elementor-view-stacked elementor-vertical-align-middle elementor-position-right elementor-shape-circle icon-box-default elementor-widget elementor-widget-icon-box\" data-id=\"04133ab\" data-element_type=\"widget\" data-e-type=\"widget\" data-widget_type=\"icon-box.default\">\n\t\t\t\t<div class=\"elementor-widget-container\">\n\t\t\t\t\t        <div class=\"elementor-icon-box-wrapper\">\n                            <div class=\"elementor-icon-box-icon\">\n                    <a class=\"elementor-icon elementor-animation-\" href=\"https:\/\/www.google.com\/maps\/place\/G%C3%BCltepe,+%C3%96kke%C5%9F+Bahri+Sk.,+27200+%C5%9Eahinbey%2FGaziantep\/@37.055225,37.3684285,17z\/data=!4m15!1m8!3m7!1s0x1531e13b16fee00d:0x770778baf6cd7ab0!2zR8O8bHRlcGUsIMOWa2tlxZ8gQmFocmkgU2suLCAyNzIwMCDFnmFoaW5iZXkvR2F6aWFudGVw!3b1!8m2!3d37.055225!4d37.3684285!16s%2Fg%2F1tfhwz6n!3m5!1s0x1531e13b16fee00d:0x770778baf6cd7ab0!8m2!3d37.055225!4d37.3684285!16s%2Fg%2F1tfhwz6n\">\n                                                    <i class=\"opal-icon- opal-icon-visit-us opal-custom\" aria-hidden=\"true\"><\/i>\n                                            <\/a>\n                <\/div>\n                        <div class=\"elementor-icon-box-content\">\n                 <h4 class=\"elementor-icon-box-title\">\n                     <a href=\"https:\/\/www.google.com\/maps\/place\/G%C3%BCltepe,+%C3%96kke%C5%9F+Bahri+Sk.,+27200+%C5%9Eahinbey%2FGaziantep\/@37.055225,37.3684285,17z\/data=!4m15!1m8!3m7!1s0x1531e13b16fee00d:0x770778baf6cd7ab0!2zR8O8bHRlcGUsIMOWa2tlxZ8gQmFocmkgU2suLCAyNzIwMCDFnmFoaW5iZXkvR2F6aWFudGVw!3b1!8m2!3d37.055225!4d37.3684285!16s%2Fg%2F1tfhwz6n!3m5!1s0x1531e13b16fee00d:0x770778baf6cd7ab0!8m2!3d37.055225!4d37.3684285!16s%2Fg%2F1tfhwz6n\"><\/a>\n                 <\/h4>\n\n                                                    <p class=\"elementor-icon-box-description\">De\u011firmi\u00e7em Mh. \u00d6kke\u015f Bahri Cad. G\u00fcv\u00fcn Apt , No:37Kat 4 daire 827090 \u015eehitkamil\/Gaziantep\n<\/p>\n                \n                \n            <\/div>\n        <\/div>\n        \t\t\t\t<\/div>\n\t\t\t\t<\/div>\n\t\t\t\t<div class=\"elementor-element elementor-element-5a26c72 elementor-view-stacked elementor-vertical-align-middle elementor-position-right elementor-shape-circle icon-box-default elementor-widget elementor-widget-icon-box\" data-id=\"5a26c72\" data-element_type=\"widget\" data-e-type=\"widget\" data-widget_type=\"icon-box.default\">\n\t\t\t\t<div class=\"elementor-widget-container\">\n\t\t\t\t\t        <div class=\"elementor-icon-box-wrapper\">\n                            <div class=\"elementor-icon-box-icon\">\n                    <a class=\"elementor-icon elementor-animation-\" href=\"mailto:info@mars-ngo.org\">\n                                                    <i class=\"far fa-envelope fa-regular\" aria-hidden=\"true\"><\/i>\n                                            <\/a>\n                <\/div>\n                        <div class=\"elementor-icon-box-content\">\n                 <h4 class=\"elementor-icon-box-title\">\n                     <a href=\"mailto:info@mars-ngo.org\"><\/a>\n                 <\/h4>\n\n                                                    <p class=\"elementor-icon-box-description\">Info@@mars-ngo.org  <b>|<\/b>   partnerships@mars-ngo.org<\/p>\n                \n                \n            <\/div>\n        <\/div>\n        \t\t\t\t<\/div>\n\t\t\t\t<\/div>\n\t\t\t\t<div class=\"elementor-element elementor-element-ec35ede elementor-view-stacked elementor-vertical-align-middle elementor-position-right elementor-shape-circle icon-box-default elementor-widget elementor-widget-icon-box\" data-id=\"ec35ede\" data-element_type=\"widget\" data-e-type=\"widget\" data-widget_type=\"icon-box.default\">\n\t\t\t\t<div class=\"elementor-widget-container\">\n\t\t\t\t\t        <div class=\"elementor-icon-box-wrapper\">\n                            <div class=\"elementor-icon-box-icon\">\n                    <a class=\"elementor-icon elementor-animation-\" href=\"tel:+905076952736\u202c\">\n                                                    <i class=\"opal-icon- opal-icon-call opal-custom\" aria-hidden=\"true\"><\/i>\n                                            <\/a>\n                <\/div>\n                        <div class=\"elementor-icon-box-content\">\n                 <h4 class=\"elementor-icon-box-title\">\n                     <a href=\"tel:+905076952736\u202c\"><\/a>\n                 <\/h4>\n\n                                                    <p class=\"elementor-icon-box-description\">00905076952736\u202c<\/p>\n                \n                \n            <\/div>\n        <\/div>\n        \t\t\t\t<\/div>\n\t\t\t\t<\/div>\n\t\t\t\t\t<\/div>\n\t\t<\/div>\n\t\t\t\t\t<\/div>\n\t\t<\/section>\n\t\t\t\t<section class=\"elementor-section elementor-top-section elementor-element elementor-element-97da944 elementor-section-boxed elementor-section-height-default elementor-section-height-default\" data-id=\"97da944\" data-element_type=\"section\" data-e-type=\"section\">\n\t\t\t\t\t\t<div class=\"elementor-container elementor-column-gap-no\">\n\t\t\t\t\t<div class=\"elementor-column elementor-col-100 elementor-top-column elementor-element elementor-element-800a25e\" data-id=\"800a25e\" data-element_type=\"column\" data-e-type=\"column\" data-settings=\"{&quot;background_background&quot;:&quot;classic&quot;}\">\n\t\t\t<div class=\"elementor-widget-wrap elementor-element-populated\">\n\t\t\t\t\t\t<div class=\"elementor-element elementor-element-5b72074 elementor-mobile-align-center elementor-widget elementor-widget-heading\" data-id=\"5b72074\" data-element_type=\"widget\" data-e-type=\"widget\" data-widget_type=\"heading.default\">\n\t\t\t\t<div class=\"elementor-widget-container\">\n\t\t\t\t\t<h2 class=\"elementor-heading-title elementor-size-default\">\u0627\u062a\u0635\u0644 \u0628\u0646\u0627 \u0627\u0644\u064a\u0648\u0645<\/h2>\t\t\t\t<\/div>\n\t\t\t\t<\/div>\n\t\t\t\t<div class=\"elementor-element elementor-element-d460431 elementor-widget elementor-widget-text-editor\" data-id=\"d460431\" data-element_type=\"widget\" data-e-type=\"widget\" data-widget_type=\"text-editor.default\">\n\t\t\t\t<div class=\"elementor-widget-container\">\n\t\t\t\t\t        <div class=\"elementor-text-editor elementor-clearfix\"><p>\u0644\u0646 \u064a\u062a\u0645 \u0646\u0634\u0631 \u0639\u0646\u0648\u0627\u0646 \u0628\u0631\u064a\u062f\u0643 \u0627\u0644\u0625\u0644\u0643\u062a\u0631\u0648\u0646\u064a. \u0627\u0644\u062d\u0642\u0648\u0644 \u0627\u0644\u0645\u0637\u0644\u0648\u0628\u0629 \u0645\u0634\u0627\u0631 \u0625\u0644\u064a\u0647\u0627 *<\/p><\/div>\n        \t\t\t\t<\/div>\n\t\t\t\t<\/div>\n\t\t\t\t<div class=\"elementor-element elementor-element-0fe5ab9 elementor-button-align-stretch elementor-widget elementor-widget-form\" data-id=\"0fe5ab9\" data-element_type=\"widget\" data-e-type=\"widget\" data-settings=\"{&quot;step_next_label&quot;:&quot;Next&quot;,&quot;step_previous_label&quot;:&quot;Previous&quot;,&quot;button_width&quot;:&quot;100&quot;,&quot;step_type&quot;:&quot;number_text&quot;,&quot;step_icon_shape&quot;:&quot;circle&quot;}\" data-widget_type=\"form.default\">\n\t\t\t\t<div class=\"elementor-widget-container\">\n\t\t\t\t\t\t\t<form class=\"elementor-form\" method=\"post\" name=\"New Form\">\n\t\t\t<input type=\"hidden\" name=\"post_id\" value=\"10411\"\/>\n\t\t\t<input type=\"hidden\" name=\"form_id\" value=\"0fe5ab9\"\/>\n\t\t\t<input type=\"hidden\" name=\"referer_title\" value=\"\u062a\u0648\u0627\u0635\u0644 \u0645\u0639\u0646\u0627\" \/>\n\n\t\t\t\t\t\t\t<input type=\"hidden\" name=\"queried_id\" value=\"10411\"\/>\n\t\t\t\n\t\t\t<div class=\"elementor-form-fields-wrapper elementor-labels-above\">\n\t\t\t\t\t\t\t\t<div class=\"elementor-field-type-text elementor-field-group elementor-column elementor-field-group-name elementor-col-50\">\n\t\t\t\t\t\t\t\t\t\t\t\t<label for=\"form-field-name\" class=\"elementor-field-label\">\n\t\t\t\t\t\t\t\t\u0627\u0644\u0627\u0633\u0645\t\t\t\t\t\t\t<\/label>\n\t\t\t\t\t\t\t\t\t\t\t\t\t\t<input size=\"1\" type=\"text\" name=\"form_fields[name]\" id=\"form-field-name\" class=\"elementor-field elementor-size-sm  elementor-field-textual\" placeholder=\"\u0627\u0644\u0627\u0633\u0645\">\n\t\t\t\t\t\t\t\t\t\t\t<\/div>\n\t\t\t\t\t\t\t\t<div class=\"elementor-field-type-email elementor-field-group elementor-column elementor-field-group-email elementor-col-50 elementor-field-required\">\n\t\t\t\t\t\t\t\t\t\t\t\t<label for=\"form-field-email\" class=\"elementor-field-label\">\n\t\t\t\t\t\t\t\t\u0627\u0644\u0628\u0631\u064a\u062f \u0627\u0644\u0627\u0644\u0643\u062a\u0631\u0648\u0646\u064a\t\t\t\t\t\t\t<\/label>\n\t\t\t\t\t\t\t\t\t\t\t\t\t\t<input size=\"1\" type=\"email\" name=\"form_fields[email]\" id=\"form-field-email\" class=\"elementor-field elementor-size-sm  elementor-field-textual\" placeholder=\"\u0627\u0644\u0628\u0631\u064a\u062f \u0627\u0644\u0627\u0644\u0643\u062a\u0631\u0648\u0646\u064a\" required=\"required\">\n\t\t\t\t\t\t\t\t\t\t\t<\/div>\n\t\t\t\t\t\t\t\t<div class=\"elementor-field-type-tel elementor-field-group elementor-column elementor-field-group-field_2533e1d elementor-col-50 elementor-field-required\">\n\t\t\t\t\t\t\t\t\t\t\t\t<label for=\"form-field-field_2533e1d\" class=\"elementor-field-label\">\n\t\t\t\t\t\t\t\t\u0631\u0642\u0645 \u0627\u0644\u0647\u0627\u062a\u0641 \u0627\u0644\u0645\u062d\u0645\u0648\u0644\t\t\t\t\t\t\t<\/label>\n\t\t\t\t\t\t\t\t<input size=\"1\" type=\"tel\" name=\"form_fields[field_2533e1d]\" id=\"form-field-field_2533e1d\" class=\"elementor-field elementor-size-sm  elementor-field-textual\" placeholder=\"\u0631\u0642\u0645 \u0627\u0644\u0647\u0627\u062a\u0641 \u0627\u0644\u0645\u062d\u0645\u0648\u0644\" required=\"required\" pattern=\"[0-9()#&amp;+*-=.]+\" title=\"Only numbers and phone characters (#, -, *, etc) are accepted.\">\n\n\t\t\t\t\t\t<\/div>\n\t\t\t\t\t\t\t\t<div class=\"elementor-field-type-text elementor-field-group elementor-column elementor-field-group-field_3a743c3 elementor-col-50 elementor-field-required\">\n\t\t\t\t\t\t\t\t\t\t\t\t<label for=\"form-field-field_3a743c3\" class=\"elementor-field-label\">\n\t\t\t\t\t\t\t\t\u0627\u0644\u0645\u0648\u0636\u0648\u0639\t\t\t\t\t\t\t<\/label>\n\t\t\t\t\t\t\t\t\t\t\t\t\t\t<input size=\"1\" type=\"text\" name=\"form_fields[field_3a743c3]\" id=\"form-field-field_3a743c3\" class=\"elementor-field elementor-size-sm  elementor-field-textual\" placeholder=\"\u0627\u0644\u0645\u0648\u0636\u0648\u0639\" required=\"required\">\n\t\t\t\t\t\t\t\t\t\t\t<\/div>\n\t\t\t\t\t\t\t\t<div class=\"elementor-field-type-textarea elementor-field-group elementor-column elementor-field-group-message elementor-col-100\">\n\t\t\t\t\t\t\t\t\t\t\t\t<label for=\"form-field-message\" class=\"elementor-field-label\">\n\t\t\t\t\t\t\t\t\u0646\u0635 \u0627\u0644\u0631\u0633\u0627\u0644\u0629\t\t\t\t\t\t\t<\/label>\n\t\t\t\t\t\t<textarea class=\"elementor-field-textual elementor-field  elementor-size-sm\" name=\"form_fields[message]\" id=\"form-field-message\" rows=\"4\" placeholder=\"\u0646\u0635 \u0627\u0644\u0631\u0633\u0627\u0644\u0629\"><\/textarea>\t\t\t\t<\/div>\n\t\t\t\t\t\t\t\t<div class=\"elementor-field-group elementor-column elementor-field-type-submit elementor-col-100 e-form__buttons\">\n\t\t\t\t\t<button class=\"elementor-button elementor-size-sm\" type=\"submit\">\n\t\t\t\t\t\t<span class=\"elementor-button-content-wrapper\">\n\t\t\t\t\t\t\t\t\t\t\t\t\t\t\t\t\t\t\t\t\t\t<span class=\"elementor-button-text\">\u0627\u0631\u0633\u0627\u0644<\/span>\n\t\t\t\t\t\t\t\t\t\t\t\t\t<\/span>\n\t\t\t\t\t<\/button>\n\t\t\t\t<\/div>\n\t\t\t<\/div>\n\t\t<\/form>\n\t\t\t\t\t\t<\/div>\n\t\t\t\t<\/div>\n\t\t\t\t\t<\/div>\n\t\t<\/div>\n\t\t\t\t\t<\/div>\n\t\t<\/section>\n\t\t\t\t<section class=\"elementor-section elementor-top-section elementor-element elementor-element-91636e0 elementor-section-full_width elementor-section-stretched elementor-section-height-default elementor-section-height-default\" data-id=\"91636e0\" data-element_type=\"section\" data-e-type=\"section\" data-settings=\"{&quot;stretch_section&quot;:&quot;section-stretched&quot;}\">\n\t\t\t\t\t\t<div class=\"elementor-container elementor-column-gap-no\">\n\t\t\t\t\t<div class=\"elementor-column elementor-col-100 elementor-top-column elementor-element elementor-element-c0e2277\" data-id=\"c0e2277\" data-element_type=\"column\" data-e-type=\"column\">\n\t\t\t<div class=\"elementor-widget-wrap elementor-element-populated\">\n\t\t\t\t\t\t<div class=\"elementor-element elementor-element-064bcb8 elementor-widget elementor-widget-google_maps\" data-id=\"064bcb8\" data-element_type=\"widget\" data-e-type=\"widget\" data-widget_type=\"google_maps.default\">\n\t\t\t\t<div class=\"elementor-widget-container\">\n\t\t\t\t\t\t\t<div class=\"elementor-custom-embed\">\n\t\t\t<iframe loading=\"lazy\"\n\t\t\t\t\tsrc=\"https:\/\/maps.google.com\/maps?q=Bey%20Mh.%20H%C3%BCrriyat%20Caddesi.%20No%3A14%20DR%20Kamil%20Afat%20%C4%B0%C5%9F%20Merkezi%20Kat%204%20Ofis%207%20%C5%9Eahinbey%20%2F%20Gaziantep%20%2F%20T%C3%BCrkiye&#038;t=m&#038;z=14&#038;output=embed&#038;iwloc=near\"\n\t\t\t\t\ttitle=\"Bey Mh. H\u00fcrriyat Caddesi. No:14 DR Kamil Afat \u0130\u015f Merkezi Kat 4 Ofis 7 \u015eahinbey \/ Gaziantep \/ T\u00fcrkiye\"\n\t\t\t\t\taria-label=\"Bey Mh. H\u00fcrriyat Caddesi. No:14 DR Kamil Afat \u0130\u015f Merkezi Kat 4 Ofis 7 \u015eahinbey \/ Gaziantep \/ T\u00fcrkiye\"\n\t\t\t><\/iframe>\n\t\t<\/div>\n\t\t\t\t\t\t<\/div>\n\t\t\t\t<\/div>\n\t\t\t\t\t<\/div>\n\t\t<\/div>\n\t\t\t\t\t<\/div>\n\t\t<\/section>\n\t\t\t\t<\/div>\n\t\t","protected":false},"excerpt":{"rendered":"<p>\u0627\u0628\u0642 \u0639\u0644\u0649 \u062a\u0648\u0627\u0635\u0644 De\u011firmi\u00e7em Mh. \u00d6kke\u015f Bahri Cad. G\u00fcv\u00fcn Apt , No:37Kat 4 daire 827090 \u015eehitkamil\/Gaziantep Info@@mars-ngo.org | partnerships@mars-ngo.org 00905076952736\u202c \u0627\u062a\u0635\u0644 \u0628\u0646\u0627 \u0627\u0644\u064a\u0648\u0645 \u0644\u0646 \u064a\u062a\u0645 \u0646\u0634\u0631 \u0639\u0646\u0648\u0627\u0646 \u0628\u0631\u064a\u062f\u0643 \u0627\u0644\u0625\u0644\u0643\u062a\u0631\u0648\u0646\u064a. \u0627\u0644\u062d\u0642\u0648\u0644 \u0627\u0644\u0645\u0637\u0644\u0648\u0628\u0629 \u0645\u0634\u0627\u0631 \u0625\u0644\u064a\u0647\u0627 *<\/p>\n","protected":false},"author":1,"featured_media":0,"parent":0,"menu_order":0,"comment_status":"closed","ping_status":"closed","template":"page-elementor.php","meta":{"give_campaign_id":0,"inline_featured_image":false,"footnotes":""},"class_list":["post-10411","page","type-page","status-publish","hentry"],"campaignId":"","_links":{"self":[{"href":"https:\/\/mars-ngo.org\/ar\/wp-json\/wp\/v2\/pages\/10411","targetHints":{"allow":["GET"]}}],"collection":[{"href":"https:\/\/mars-ngo.org\/ar\/wp-json\/wp\/v2\/pages"}],"about":[{"href":"https:\/\/mars-ngo.org\/ar\/wp-json\/wp\/v2\/types\/page"}],"author":[{"embeddable":true,"href":"https:\/\/mars-ngo.org\/ar\/wp-json\/wp\/v2\/users\/1"}],"replies":[{"embeddable":true,"href":"https:\/\/mars-ngo.org\/ar\/wp-json\/wp\/v2\/comments?post=10411"}],"version-history":[{"count":37,"href":"https:\/\/mars-ngo.org\/ar\/wp-json\/wp\/v2\/pages\/10411\/revisions"}],"predecessor-version":[{"id":11575,"href":"https:\/\/mars-ngo.org\/ar\/wp-json\/wp\/v2\/pages\/10411\/revisions\/11575"}],"wp:attachment":[{"href":"https:\/\/mars-ngo.org\/ar\/wp-json\/wp\/v2\/media?parent=10411"}],"curies":[{"name":"wp","href":"https:\/\/api.w.org\/{rel}","templated":true}]}}